{"id":16356,"date":"2020-11-02T14:09:25","date_gmt":"2020-11-02T14:09:25","guid":{"rendered":"https:\/\/magic.severinonegri.com\/kontakt-2\/"},"modified":"2021-09-22T11:30:45","modified_gmt":"2021-09-22T11:30:45","slug":"kontakt","status":"publish","type":"page","link":"https:\/\/magic.severinonegri.com\/de\/kontakt\/","title":{"rendered":"Kontakt"},"content":{"rendered":"\t\t<div data-elementor-type=\"wp-page\" data-elementor-id=\"16356\" class=\"elementor elementor-16356 elementor-16346\">\n\t\t\t\t\t\t<section class=\"elementor-section elementor-top-section elementor-element elementor-element-f3bcbcb elementor-section-boxed elementor-section-height-default elementor-section-height-default parallax_section_no qode_elementor_container_no\" data-id=\"f3bcbcb\" data-element_type=\"section\">\n\t\t\t\t\t\t<div class=\"elementor-container elementor-column-gap-default\">\n\t\t\t\t\t<div class=\"elementor-column elementor-col-100 elementor-top-column elementor-element elementor-element-a6724fd\" data-id=\"a6724fd\" data-element_type=\"column\">\n\t\t\t<div class=\"elementor-widget-wrap elementor-element-populated\">\n\t\t\t\t\t\t<div class=\"elementor-element elementor-element-b96f57b elementor-widget elementor-widget-text-editor\" data-id=\"b96f57b\" data-element_type=\"widget\" data-widget_type=\"text-editor.default\">\n\t\t\t\t<div class=\"elementor-widget-container\">\n\t\t\t\t\t\t\t\t\t<h2>Kontaktieren Sie mich<\/h2><div>\u00a0<\/div><h3>Ich freue mich von Ihnen zu h\u00f6ren!<\/h3>\t\t\t\t\t\t\t\t<\/div>\n\t\t\t\t<\/div>\n\t\t\t\t\t<\/div>\n\t\t<\/div>\n\t\t\t\t\t<\/div>\n\t\t<\/section>\n\t\t\t\t<section class=\"elementor-section elementor-top-section elementor-element elementor-element-bb9a7bf elementor-section-full_width elementor-section-stretched elementor-section-height-default elementor-section-height-default parallax_section_no qode_elementor_container_no\" data-id=\"bb9a7bf\" data-element_type=\"section\" data-settings=\"{&quot;stretch_section&quot;:&quot;section-stretched&quot;,&quot;background_background&quot;:&quot;gradient&quot;}\">\n\t\t\t\t\t\t<div class=\"elementor-container elementor-column-gap-default\">\n\t\t\t\t\t<div class=\"elementor-column elementor-col-100 elementor-top-column elementor-element elementor-element-350d86e\" data-id=\"350d86e\" data-element_type=\"column\">\n\t\t\t<div class=\"elementor-widget-wrap elementor-element-populated\">\n\t\t\t\t\t\t<div class=\"elementor-element elementor-element-97758a8 elementor-widget-divider--view-line elementor-widget elementor-widget-divider\" data-id=\"97758a8\" data-element_type=\"widget\" data-widget_type=\"divider.default\">\n\t\t\t\t<div class=\"elementor-widget-container\">\n\t\t\t\t\t\t\t<div class=\"elementor-divider\">\n\t\t\t<span class=\"elementor-divider-separator\">\n\t\t\t\t\t\t<\/span>\n\t\t<\/div>\n\t\t\t\t\t\t<\/div>\n\t\t\t\t<\/div>\n\t\t\t\t<div class=\"elementor-element elementor-element-780161e elementor-widget elementor-widget-testimonial\" data-id=\"780161e\" data-element_type=\"widget\" data-widget_type=\"testimonial.default\">\n\t\t\t\t<div class=\"elementor-widget-container\">\n\t\t\t\t\t\t\t<div class=\"elementor-testimonial-wrapper\">\n\t\t\t\t\t\t\t<div class=\"elementor-testimonial-content\"><p>\"Mein genialer Freund! Er packte sein Publikum! Brilliant! Ich liebte es!\"<\/p>\n<\/div>\n\t\t\t\n\t\t\t\t\t\t<div class=\"elementor-testimonial-meta elementor-has-image elementor-testimonial-image-position-aside\">\n\t\t\t\t<div class=\"elementor-testimonial-meta-inner\">\n\t\t\t\t\t\t\t\t\t\t\t<div class=\"elementor-testimonial-image\">\n\t\t\t\t\t\t\t<img fetchpriority=\"high\" decoding=\"async\" width=\"522\" height=\"506\" src=\"https:\/\/magic.severinonegri.com\/wp-content\/uploads\/2020\/10\/SofiaMilosEmmys-e1603970780782.jpg\" class=\"attachment-full size-full wp-image-16148\" alt=\"Sofia Milos Emmys\" srcset=\"https:\/\/magic.severinonegri.com\/wp-content\/uploads\/2020\/10\/SofiaMilosEmmys-e1603970780782.jpg 522w, https:\/\/magic.severinonegri.com\/wp-content\/uploads\/2020\/10\/SofiaMilosEmmys-e1603970780782-300x291.jpg 300w\" sizes=\"(max-width: 522px) 100vw, 522px\" \/>\t\t\t\t\t\t<\/div>\n\t\t\t\t\t\n\t\t\t\t\t\t\t\t\t\t<div class=\"elementor-testimonial-details\">\n\t\t\t\t\t\t\t\t\t\t\t\t\t\t<div class=\"elementor-testimonial-name\">Sofia Milos<\/div>\n\t\t\t\t\t\t\t\t\t\t\t\t\t\t\t\t\t\t\t\t\t\t<div class=\"elementor-testimonial-job\">CSI:Miami \/ The Sopranos \/ Project Blue Book<\/div>\n\t\t\t\t\t\t\t\t\t\t\t\t\t<\/div>\n\t\t\t\t\t\t\t\t\t<\/div>\n\t\t\t<\/div>\n\t\t\t\t\t<\/div>\n\t\t\t\t\t\t<\/div>\n\t\t\t\t<\/div>\n\t\t\t\t<div class=\"elementor-element elementor-element-04cde68 elementor-widget-divider--view-line elementor-widget elementor-widget-divider\" data-id=\"04cde68\" data-element_type=\"widget\" data-widget_type=\"divider.default\">\n\t\t\t\t<div class=\"elementor-widget-container\">\n\t\t\t\t\t\t\t<div class=\"elementor-divider\">\n\t\t\t<span class=\"elementor-divider-separator\">\n\t\t\t\t\t\t<\/span>\n\t\t<\/div>\n\t\t\t\t\t\t<\/div>\n\t\t\t\t<\/div>\n\t\t\t\t\t<\/div>\n\t\t<\/div>\n\t\t\t\t\t<\/div>\n\t\t<\/section>\n\t\t\t\t<section class=\"elementor-section elementor-top-section elementor-element elementor-element-1c1c721 elementor-section-boxed elementor-section-height-default elementor-section-height-default parallax_section_no qode_elementor_container_no\" data-id=\"1c1c721\" data-element_type=\"section\">\n\t\t\t\t\t\t<div class=\"elementor-container elementor-column-gap-default\">\n\t\t\t\t\t<div class=\"elementor-column elementor-col-100 elementor-top-column elementor-element elementor-element-dec8047\" data-id=\"dec8047\" data-element_type=\"column\">\n\t\t\t<div class=\"elementor-widget-wrap elementor-element-populated\">\n\t\t\t\t\t\t<section class=\"elementor-section elementor-inner-section elementor-element elementor-element-045bb78 elementor-section-boxed elementor-section-height-default elementor-section-height-default parallax_section_no qode_elementor_container_no\" data-id=\"045bb78\" data-element_type=\"section\">\n\t\t\t\t\t\t<div class=\"elementor-container elementor-column-gap-default\">\n\t\t\t\t\t<div class=\"elementor-column elementor-col-50 elementor-inner-column elementor-element elementor-element-8715b4b\" data-id=\"8715b4b\" data-element_type=\"column\">\n\t\t\t<div class=\"elementor-widget-wrap elementor-element-populated\">\n\t\t\t\t\t\t<div class=\"elementor-element elementor-element-1c13311 elementor-widget elementor-widget-text-editor\" data-id=\"1c13311\" data-element_type=\"widget\" data-widget_type=\"text-editor.default\">\n\t\t\t\t<div class=\"elementor-widget-container\">\n\t\t\t\t\t\t\t\t\t<p>Planen Sie einen Event der meinen magischen Touch ben\u00f6tigt, senden Sie mir eine Nachricht mit dem Formular rechts. Sie landet direkt in meiner pers\u00f6nlichen Inbox.<\/p><p>\u00a0<\/p><p>Je mehr Informationen Sie mir \u00fcber Ihren Event bereitstellen, desto schneller bin ich in der Lage, mich bei Ihnen zu melden.!<\/p>\t\t\t\t\t\t\t\t<\/div>\n\t\t\t\t<\/div>\n\t\t\t\t<div class=\"elementor-element elementor-element-d9f441d elementor-widget-divider--view-line elementor-widget elementor-widget-divider\" data-id=\"d9f441d\" data-element_type=\"widget\" data-widget_type=\"divider.default\">\n\t\t\t\t<div class=\"elementor-widget-container\">\n\t\t\t\t\t\t\t<div class=\"elementor-divider\">\n\t\t\t<span class=\"elementor-divider-separator\">\n\t\t\t\t\t\t<\/span>\n\t\t<\/div>\n\t\t\t\t\t\t<\/div>\n\t\t\t\t<\/div>\n\t\t\t\t<div class=\"elementor-element elementor-element-7153fb6 elementor-widget elementor-widget-text-editor\" data-id=\"7153fb6\" data-element_type=\"widget\" data-widget_type=\"text-editor.default\">\n\t\t\t\t<div class=\"elementor-widget-container\">\n\t\t\t\t\t\t\t\t\t<div class=\"wpb_text_column wpb_content_element \" style=\"background-color: #ffffff;\"><div class=\"wpb_wrapper\"><h3 style=\"line-height: 1.30435em;\">ADRESSE<\/h3><\/div><\/div><div class=\"separator transparent \" style=\"background-color: #ffffff; margin-top: 6px; margin-bottom: 6px;\">\u00a0<\/div><div class=\"wpb_text_column wpb_content_element \" style=\"background-color: #ffffff;\"><div class=\"wpb_wrapper\"><p>Severino Negri<\/p><p>c\/o NTA New Town Artist Management Ltd.<\/p><p>Units 2, Arts Center Washington<\/p><p>Biddick Lane<\/p><p>Fatfield<\/p><p>Washington, Tyne and Wear<\/p><p>NE38 8AB<\/p><p>UK<\/p><p>Telefon: +44 (0)7450 053630<\/p><\/div><\/div>\t\t\t\t\t\t\t\t<\/div>\n\t\t\t\t<\/div>\n\t\t\t\t<div class=\"elementor-element elementor-element-bec4ea9 elementor-widget elementor-widget-text-editor\" data-id=\"bec4ea9\" data-element_type=\"widget\" data-widget_type=\"text-editor.default\">\n\t\t\t\t<div class=\"elementor-widget-container\">\n\t\t\t\t\t\t\t\t\t<p>Sie f\u00fchlen sich sozial? Kontaktieren Sie mich hier:<\/p>\n\t\t\t\t\t\t\t\t<\/div>\n\t\t\t\t<\/div>\n\t\t\t\t<div class=\"elementor-element elementor-element-1de7e6e e-grid-align-left elementor-shape-rounded elementor-grid-0 elementor-widget elementor-widget-social-icons\" data-id=\"1de7e6e\" data-element_type=\"widget\" data-widget_type=\"social-icons.default\">\n\t\t\t\t<div class=\"elementor-widget-container\">\n\t\t\t\t\t\t\t<div class=\"elementor-social-icons-wrapper elementor-grid\" role=\"list\">\n\t\t\t\t\t\t\t<span class=\"elementor-grid-item\" role=\"listitem\">\n\t\t\t\t\t<a class=\"elementor-icon elementor-social-icon elementor-social-icon-instagram elementor-repeater-item-bf7a836\" href=\"https:\/\/www.instagram.com\/severinonegri\/\" target=\"_blank\">\n\t\t\t\t\t\t<span class=\"elementor-screen-only\">Instagram<\/span>\n\t\t\t\t\t\t<i aria-hidden=\"true\" class=\"fab fa-instagram\"><\/i>\t\t\t\t\t<\/a>\n\t\t\t\t<\/span>\n\t\t\t\t\t\t\t<span class=\"elementor-grid-item\" role=\"listitem\">\n\t\t\t\t\t<a class=\"elementor-icon elementor-social-icon elementor-social-icon-facebook-square elementor-repeater-item-79d1396\" href=\"https:\/\/www.facebook.com\/severinonegri\/\" target=\"_blank\">\n\t\t\t\t\t\t<span class=\"elementor-screen-only\">Facebook-square<\/span>\n\t\t\t\t\t\t<i aria-hidden=\"true\" class=\"fab fa-facebook-square\"><\/i>\t\t\t\t\t<\/a>\n\t\t\t\t<\/span>\n\t\t\t\t\t\t\t<span class=\"elementor-grid-item\" role=\"listitem\">\n\t\t\t\t\t<a class=\"elementor-icon elementor-social-icon elementor-social-icon-twitter elementor-repeater-item-cb24475\" href=\"https:\/\/twitter.com\/SeverinoNegri\" target=\"_blank\">\n\t\t\t\t\t\t<span class=\"elementor-screen-only\">Twitter<\/span>\n\t\t\t\t\t\t<i aria-hidden=\"true\" class=\"fab fa-twitter\"><\/i>\t\t\t\t\t<\/a>\n\t\t\t\t<\/span>\n\t\t\t\t\t\t\t<span class=\"elementor-grid-item\" role=\"listitem\">\n\t\t\t\t\t<a class=\"elementor-icon elementor-social-icon elementor-social-icon-linkedin elementor-repeater-item-1a93b15\" href=\"https:\/\/www.linkedin.com\/in\/severino-negri\/\" target=\"_blank\">\n\t\t\t\t\t\t<span class=\"elementor-screen-only\">Linkedin<\/span>\n\t\t\t\t\t\t<i aria-hidden=\"true\" class=\"fab fa-linkedin\"><\/i>\t\t\t\t\t<\/a>\n\t\t\t\t<\/span>\n\t\t\t\t\t<\/div>\n\t\t\t\t\t\t<\/div>\n\t\t\t\t<\/div>\n\t\t\t\t\t<\/div>\n\t\t<\/div>\n\t\t\t\t<div class=\"elementor-column elementor-col-50 elementor-inner-column elementor-element elementor-element-d3e452a\" data-id=\"d3e452a\" data-element_type=\"column\">\n\t\t\t<div class=\"elementor-widget-wrap elementor-element-populated\">\n\t\t\t\t\t\t<div class=\"elementor-element elementor-element-b82d926 elementor-widget elementor-widget-bridge_cf_7\" data-id=\"b82d926\" data-element_type=\"widget\" data-widget_type=\"bridge_cf_7.default\">\n\t\t\t\t<div class=\"elementor-widget-container\">\n\t\t\t\t\t    <div class=\"qode-contact-form-7 qode-contact-form-7-0\">\n    \n<div class=\"wpcf7 no-js\" id=\"wpcf7-f16351-o1\" lang=\"de-DE\" dir=\"ltr\" data-wpcf7-id=\"16351\">\n<div class=\"screen-reader-response\"><p role=\"status\" aria-live=\"polite\" aria-atomic=\"true\"><\/p> <ul><\/ul><\/div>\n<form action=\"\/de\/wp-json\/wp\/v2\/pages\/16356#wpcf7-f16351-o1\" method=\"post\" class=\"wpcf7-form init default wpcf7-acceptance-as-validation\" aria-label=\"Kontaktformular\" novalidate=\"novalidate\" data-status=\"init\">\n<fieldset class=\"hidden-fields-container\"><input type=\"hidden\" name=\"_wpcf7\" value=\"16351\" \/><input type=\"hidden\" name=\"_wpcf7_version\" value=\"6.1.3\" \/><input type=\"hidden\" name=\"_wpcf7_locale\" value=\"de_DE\" \/><input type=\"hidden\" name=\"_wpcf7_unit_tag\" value=\"wpcf7-f16351-o1\" \/><input type=\"hidden\" name=\"_wpcf7_container_post\" value=\"0\" \/><input type=\"hidden\" name=\"_wpcf7_posted_data_hash\" value=\"\" \/><input type=\"hidden\" name=\"_wpcf7_recaptcha_response\" value=\"\" \/>\n<\/fieldset>\n<label> Vorname*\n    <span class=\"wpcf7-form-control-wrap\" data-name=\"first-name\"><input size=\"40\" maxlength=\"400\" class=\"wpcf7-form-control wpcf7-text wpcf7-validates-as-required\" aria-required=\"true\" aria-invalid=\"false\" value=\"\" type=\"text\" name=\"first-name\" \/><\/span> <\/label>\n\n<label> Nachname*\n    <span class=\"wpcf7-form-control-wrap\" data-name=\"last-name\"><input size=\"40\" maxlength=\"400\" class=\"wpcf7-form-control wpcf7-text wpcf7-validates-as-required\" aria-required=\"true\" aria-invalid=\"false\" value=\"\" type=\"text\" name=\"last-name\" \/><\/span> <\/label>\n\n<label> Email*\n    <span class=\"wpcf7-form-control-wrap\" data-name=\"your-email\"><input size=\"40\" maxlength=\"400\" class=\"wpcf7-form-control wpcf7-email wpcf7-validates-as-required wpcf7-text wpcf7-validates-as-email\" aria-required=\"true\" aria-invalid=\"false\" value=\"\" type=\"email\" name=\"your-email\" \/><\/span> <\/label>\n\n<label> Telefonnummer*\n     <span class=\"wpcf7-form-control-wrap\" data-name=\"your-phone\"><input size=\"40\" maxlength=\"400\" class=\"wpcf7-form-control wpcf7-text wpcf7-validates-as-required\" aria-required=\"true\" aria-invalid=\"false\" value=\"\" type=\"text\" name=\"your-phone\" \/><\/span> <\/label>\n\n<label> Erz\u00e4hlen Sie mir von Ihrem Event\n    <span class=\"wpcf7-form-control-wrap\" data-name=\"your-message\"><textarea cols=\"40\" rows=\"10\" maxlength=\"2000\" class=\"wpcf7-form-control wpcf7-textarea\" aria-invalid=\"false\" placeholder=\"Wenn m\u00f6glich erw\u00e4hnen sie das Eventdatum, die Eventlocation, um welche Art von Event es sich handelt und wieviele G\u00e4ste erwartet werden!\" name=\"your-message\"><\/textarea><\/span> <\/label>\n\n<label> Wie haben Sie mich gefunden?*\n   <span class=\"wpcf7-form-control-wrap\" data-name=\"Howdidyoufindme\"><input size=\"40\" maxlength=\"400\" class=\"wpcf7-form-control wpcf7-text wpcf7-validates-as-required\" aria-required=\"true\" aria-invalid=\"false\" value=\"\" type=\"text\" name=\"Howdidyoufindme\" \/><\/span> <\/label>\n\n<span class=\"wpcf7-form-control-wrap\" data-name=\"acceptance-302\"><span class=\"wpcf7-form-control wpcf7-acceptance\"><span class=\"wpcf7-list-item\"><label><input type=\"checkbox\" name=\"acceptance-302\" value=\"1\" aria-invalid=\"false\" \/><span class=\"wpcf7-list-item-label\">Ich willige ein, dass meine Daten an Severino Negri zwecks Kontaktnahme und Kommunikation gesendet werden.<\/span><\/label><\/span><\/span><\/span>\n\n<input class=\"wpcf7-form-control wpcf7-submit has-spinner\" type=\"submit\" value=\"Senden\" \/><div class=\"wpcf7-response-output\" aria-hidden=\"true\"><\/div>\n<\/form>\n<\/div>\n    <\/div>\n\t\t\t\t<\/div>\n\t\t\t\t<\/div>\n\t\t\t\t\t<\/div>\n\t\t<\/div>\n\t\t\t\t\t<\/div>\n\t\t<\/section>\n\t\t\t\t\t<\/div>\n\t\t<\/div>\n\t\t\t\t\t<\/div>\n\t\t<\/section>\n\t\t\t\t<\/div>\n\t\t","protected":false},"excerpt":{"rendered":"<p>Kontaktieren Sie mich \u00a0 Ich freue mich von Ihnen zu h\u00f6ren! &#8222;Mein genialer Freund! Er packte sein Publikum! Brilliant! Ich liebte es!&#8220; Sofia Milos CSI:Miami \/ The Sopranos \/ Project Blue Book Planen Sie einen Event der meinen magischen Touch ben\u00f6tigt, senden Sie mir eine&#8230;<\/p>\n","protected":false},"author":1,"featured_media":0,"parent":0,"menu_order":0,"comment_status":"closed","ping_status":"closed","template":"","meta":{"footnotes":""},"class_list":["post-16356","page","type-page","status-publish","hentry"],"yoast_head":"<!-- This site is optimized with the Yoast SEO plugin v26.4 - https:\/\/yoast.com\/wordpress\/plugins\/seo\/ -->\n<title>Kontakt - Severino Negri<\/title>\n<meta name=\"robots\" content=\"index, follow, max-snippet:-1, max-image-preview:large, max-video-preview:-1\" \/>\n<link rel=\"canonical\" href=\"https:\/\/magic.severinonegri.com\/de\/kontakt\/\" \/>\n<meta property=\"og:locale\" content=\"de_DE\" \/>\n<meta property=\"og:type\" content=\"article\" \/>\n<meta property=\"og:title\" content=\"Kontakt - Severino Negri\" \/>\n<meta property=\"og:description\" content=\"Kontaktieren Sie mich \u00a0 Ich freue mich von Ihnen zu h\u00f6ren! &#8222;Mein genialer Freund! Er packte sein Publikum! Brilliant! Ich liebte es!&#8220; Sofia Milos CSI:Miami \/ The Sopranos \/ Project Blue Book Planen Sie einen Event der meinen magischen Touch ben\u00f6tigt, senden Sie mir eine...\" \/>\n<meta property=\"og:url\" content=\"https:\/\/magic.severinonegri.com\/de\/kontakt\/\" \/>\n<meta property=\"og:site_name\" content=\"Severino Negri\" \/>\n<meta property=\"article:modified_time\" content=\"2021-09-22T11:30:45+00:00\" \/>\n<meta property=\"og:image\" content=\"https:\/\/magic.severinonegri.com\/wp-content\/uploads\/2020\/10\/SofiaMilosEmmys-e1603970780782.jpg\" \/>\n<meta name=\"twitter:card\" content=\"summary_large_image\" \/>\n<meta name=\"twitter:label1\" content=\"Gesch\u00e4tzte Lesezeit\" \/>\n\t<meta name=\"twitter:data1\" content=\"1\u00a0Minute\" \/>\n<script type=\"application\/ld+json\" class=\"yoast-schema-graph\">{\"@context\":\"https:\/\/schema.org\",\"@graph\":[{\"@type\":\"WebPage\",\"@id\":\"https:\/\/magic.severinonegri.com\/de\/kontakt\/\",\"url\":\"https:\/\/magic.severinonegri.com\/de\/kontakt\/\",\"name\":\"Kontakt - Severino Negri\",\"isPartOf\":{\"@id\":\"https:\/\/magic.severinonegri.com\/de\/#website\"},\"primaryImageOfPage\":{\"@id\":\"https:\/\/magic.severinonegri.com\/de\/kontakt\/#primaryimage\"},\"image\":{\"@id\":\"https:\/\/magic.severinonegri.com\/de\/kontakt\/#primaryimage\"},\"thumbnailUrl\":\"https:\/\/magic.severinonegri.com\/wp-content\/uploads\/2020\/10\/SofiaMilosEmmys-e1603970780782.jpg\",\"datePublished\":\"2020-11-02T14:09:25+00:00\",\"dateModified\":\"2021-09-22T11:30:45+00:00\",\"breadcrumb\":{\"@id\":\"https:\/\/magic.severinonegri.com\/de\/kontakt\/#breadcrumb\"},\"inLanguage\":\"de\",\"potentialAction\":[{\"@type\":\"ReadAction\",\"target\":[\"https:\/\/magic.severinonegri.com\/de\/kontakt\/\"]}]},{\"@type\":\"ImageObject\",\"inLanguage\":\"de\",\"@id\":\"https:\/\/magic.severinonegri.com\/de\/kontakt\/#primaryimage\",\"url\":\"https:\/\/magic.severinonegri.com\/wp-content\/uploads\/2020\/10\/SofiaMilosEmmys-e1603970780782.jpg\",\"contentUrl\":\"https:\/\/magic.severinonegri.com\/wp-content\/uploads\/2020\/10\/SofiaMilosEmmys-e1603970780782.jpg\"},{\"@type\":\"BreadcrumbList\",\"@id\":\"https:\/\/magic.severinonegri.com\/de\/kontakt\/#breadcrumb\",\"itemListElement\":[{\"@type\":\"ListItem\",\"position\":1,\"name\":\"Startseite\",\"item\":\"https:\/\/magic.severinonegri.com\/de\/\"},{\"@type\":\"ListItem\",\"position\":2,\"name\":\"Kontakt\"}]},{\"@type\":\"WebSite\",\"@id\":\"https:\/\/magic.severinonegri.com\/de\/#website\",\"url\":\"https:\/\/magic.severinonegri.com\/de\/\",\"name\":\"Severino Negri - Magic\",\"description\":\"Magician, Mentalist, Illusionist, Hypnotist\",\"publisher\":{\"@id\":\"https:\/\/magic.severinonegri.com\/de\/#\/schema\/person\/8d0be6bf1fd2fc2d94914619e2ceefdd\"},\"potentialAction\":[{\"@type\":\"SearchAction\",\"target\":{\"@type\":\"EntryPoint\",\"urlTemplate\":\"https:\/\/magic.severinonegri.com\/de\/?s={search_term_string}\"},\"query-input\":{\"@type\":\"PropertyValueSpecification\",\"valueRequired\":true,\"valueName\":\"search_term_string\"}}],\"inLanguage\":\"de\"},{\"@type\":[\"Person\",\"Organization\"],\"@id\":\"https:\/\/magic.severinonegri.com\/de\/#\/schema\/person\/8d0be6bf1fd2fc2d94914619e2ceefdd\",\"name\":\"Severino Negri\",\"image\":{\"@type\":\"ImageObject\",\"inLanguage\":\"de\",\"@id\":\"https:\/\/magic.severinonegri.com\/de\/#\/schema\/person\/image\/\",\"url\":\"https:\/\/magic.severinonegri.com\/wp-content\/uploads\/2017\/05\/footer-logo-dark.png\",\"contentUrl\":\"https:\/\/magic.severinonegri.com\/wp-content\/uploads\/2017\/05\/footer-logo-dark.png\",\"width\":300,\"height\":102,\"caption\":\"Severino Negri\"},\"logo\":{\"@id\":\"https:\/\/magic.severinonegri.com\/de\/#\/schema\/person\/image\/\"}}]}<\/script>\n<!-- \/ Yoast SEO plugin. -->","yoast_head_json":{"title":"Kontakt - Severino Negri","robots":{"index":"index","follow":"follow","max-snippet":"max-snippet:-1","max-image-preview":"max-image-preview:large","max-video-preview":"max-video-preview:-1"},"canonical":"https:\/\/magic.severinonegri.com\/de\/kontakt\/","og_locale":"de_DE","og_type":"article","og_title":"Kontakt - Severino Negri","og_description":"Kontaktieren Sie mich \u00a0 Ich freue mich von Ihnen zu h\u00f6ren! &#8222;Mein genialer Freund! Er packte sein Publikum! Brilliant! Ich liebte es!&#8220; Sofia Milos CSI:Miami \/ The Sopranos \/ Project Blue Book Planen Sie einen Event der meinen magischen Touch ben\u00f6tigt, senden Sie mir eine...","og_url":"https:\/\/magic.severinonegri.com\/de\/kontakt\/","og_site_name":"Severino Negri","article_modified_time":"2021-09-22T11:30:45+00:00","og_image":[{"url":"https:\/\/magic.severinonegri.com\/wp-content\/uploads\/2020\/10\/SofiaMilosEmmys-e1603970780782.jpg","type":"","width":"","height":""}],"twitter_card":"summary_large_image","twitter_misc":{"Gesch\u00e4tzte Lesezeit":"1\u00a0Minute"},"schema":{"@context":"https:\/\/schema.org","@graph":[{"@type":"WebPage","@id":"https:\/\/magic.severinonegri.com\/de\/kontakt\/","url":"https:\/\/magic.severinonegri.com\/de\/kontakt\/","name":"Kontakt - Severino Negri","isPartOf":{"@id":"https:\/\/magic.severinonegri.com\/de\/#website"},"primaryImageOfPage":{"@id":"https:\/\/magic.severinonegri.com\/de\/kontakt\/#primaryimage"},"image":{"@id":"https:\/\/magic.severinonegri.com\/de\/kontakt\/#primaryimage"},"thumbnailUrl":"https:\/\/magic.severinonegri.com\/wp-content\/uploads\/2020\/10\/SofiaMilosEmmys-e1603970780782.jpg","datePublished":"2020-11-02T14:09:25+00:00","dateModified":"2021-09-22T11:30:45+00:00","breadcrumb":{"@id":"https:\/\/magic.severinonegri.com\/de\/kontakt\/#breadcrumb"},"inLanguage":"de","potentialAction":[{"@type":"ReadAction","target":["https:\/\/magic.severinonegri.com\/de\/kontakt\/"]}]},{"@type":"ImageObject","inLanguage":"de","@id":"https:\/\/magic.severinonegri.com\/de\/kontakt\/#primaryimage","url":"https:\/\/magic.severinonegri.com\/wp-content\/uploads\/2020\/10\/SofiaMilosEmmys-e1603970780782.jpg","contentUrl":"https:\/\/magic.severinonegri.com\/wp-content\/uploads\/2020\/10\/SofiaMilosEmmys-e1603970780782.jpg"},{"@type":"BreadcrumbList","@id":"https:\/\/magic.severinonegri.com\/de\/kontakt\/#breadcrumb","itemListElement":[{"@type":"ListItem","position":1,"name":"Startseite","item":"https:\/\/magic.severinonegri.com\/de\/"},{"@type":"ListItem","position":2,"name":"Kontakt"}]},{"@type":"WebSite","@id":"https:\/\/magic.severinonegri.com\/de\/#website","url":"https:\/\/magic.severinonegri.com\/de\/","name":"Severino Negri - Magic","description":"Magician, Mentalist, Illusionist, Hypnotist","publisher":{"@id":"https:\/\/magic.severinonegri.com\/de\/#\/schema\/person\/8d0be6bf1fd2fc2d94914619e2ceefdd"},"potentialAction":[{"@type":"SearchAction","target":{"@type":"EntryPoint","urlTemplate":"https:\/\/magic.severinonegri.com\/de\/?s={search_term_string}"},"query-input":{"@type":"PropertyValueSpecification","valueRequired":true,"valueName":"search_term_string"}}],"inLanguage":"de"},{"@type":["Person","Organization"],"@id":"https:\/\/magic.severinonegri.com\/de\/#\/schema\/person\/8d0be6bf1fd2fc2d94914619e2ceefdd","name":"Severino Negri","image":{"@type":"ImageObject","inLanguage":"de","@id":"https:\/\/magic.severinonegri.com\/de\/#\/schema\/person\/image\/","url":"https:\/\/magic.severinonegri.com\/wp-content\/uploads\/2017\/05\/footer-logo-dark.png","contentUrl":"https:\/\/magic.severinonegri.com\/wp-content\/uploads\/2017\/05\/footer-logo-dark.png","width":300,"height":102,"caption":"Severino Negri"},"logo":{"@id":"https:\/\/magic.severinonegri.com\/de\/#\/schema\/person\/image\/"}}]}},"_links":{"self":[{"href":"https:\/\/magic.severinonegri.com\/de\/wp-json\/wp\/v2\/pages\/16356","targetHints":{"allow":["GET"]}}],"collection":[{"href":"https:\/\/magic.severinonegri.com\/de\/wp-json\/wp\/v2\/pages"}],"about":[{"href":"https:\/\/magic.severinonegri.com\/de\/wp-json\/wp\/v2\/types\/page"}],"author":[{"embeddable":true,"href":"https:\/\/magic.severinonegri.com\/de\/wp-json\/wp\/v2\/users\/1"}],"replies":[{"embeddable":true,"href":"https:\/\/magic.severinonegri.com\/de\/wp-json\/wp\/v2\/comments?post=16356"}],"version-history":[{"count":5,"href":"https:\/\/magic.severinonegri.com\/de\/wp-json\/wp\/v2\/pages\/16356\/revisions"}],"predecessor-version":[{"id":17315,"href":"https:\/\/magic.severinonegri.com\/de\/wp-json\/wp\/v2\/pages\/16356\/revisions\/17315"}],"wp:attachment":[{"href":"https:\/\/magic.severinonegri.com\/de\/wp-json\/wp\/v2\/media?parent=16356"}],"curies":[{"name":"wp","href":"https:\/\/api.w.org\/{rel}","templated":true}]}}